{"id":1910,"date":"2020-06-07T18:50:03","date_gmt":"2020-06-07T16:50:03","guid":{"rendered":"https:\/\/le-temps-dune-rando.fr\/?page_id=1910"},"modified":"2021-03-28T16:34:44","modified_gmt":"2021-03-28T14:34:44","slug":"mentions-legales","status":"publish","type":"page","link":"https:\/\/le-temps-dune-rando.fr\/index.php\/mentions-legales\/","title":{"rendered":"Mentions l\u00e9gales"},"content":{"rendered":"\n<p><strong>Conform\u00e9ment aux dispositions de l\u2019article 6 III-1 de la loi n\u00b02004-575 du 21 juin 2004 pour la confiance dans l\u2019\u00e9conomie num\u00e9rique, nous vous informons des conditions g\u00e9n\u00e9rales suivantes concernant ce site :<\/strong><\/p>\n\n\n\n<p><strong>Propri\u00e9t\u00e9 et publication<\/strong><\/p>\n\n\n\n<p>Le pr\u00e9sent site est la propri\u00e9t\u00e9 et sous la responsabilit\u00e9 d\u2019Anne Luminet, domicili\u00e9e \u00e0 Lyon 7\u00e8me, qui en assure la publication et la direction.<\/p>\n\n\n\n<p><strong>R\u00e9alisation et h\u00e9bergement du site<\/strong><\/p>\n\n\n\n<p>Le site a \u00e9t\u00e9 con\u00e7u \u00e0 l\u2019aide de l\u2019outil de gestion de contenu&nbsp;<a href=\"https:\/\/wordpress.com\/\">WordPress&nbsp;<\/a>et du th\u00e8me&nbsp;<a href=\"https:\/\/themeforest.net\/item\/soledad-multiconcept-blogmagazine-wp-theme\/12945398\">Soledad<\/a>. L\u2019h\u00e9bergement des donn\u00e9es est confi\u00e9 \u00e0&nbsp;<a href=\"https:\/\/www.ovh.com\/\">OVH<\/a>&nbsp;sur son infrastructure cloud. Le logo a \u00e9t\u00e9 cr\u00e9\u00e9 \u00e0 l\u2019aide de l\u2019outil en ligne&nbsp;<a href=\"https:\/\/www.canva.com\/\">Canva<\/a>.<\/p>\n\n\n\n<p><strong>Conditions d\u2019utilisation du site<\/strong><\/p>\n\n\n\n<p>L\u2019utilisateur de ce site reconna\u00eet avoir pris connaissance des pr\u00e9sentes conditions d\u2019utilisation et s\u2019engage \u00e0 les respecter. Il s\u2019engage \u00e0 faire un usage strictement personnel du site et \u00e0 ne pas porter atteinte aux droits de propri\u00e9t\u00e9 intellectuelle du contenu.<\/p>\n\n\n\n<p>L\u2019utilisateur reconna\u00eet disposer de la comp\u00e9tence et des moyens n\u00e9cessaires pour acc\u00e9der et utiliser ce site et reconna\u00eet avoir v\u00e9rifi\u00e9 que la configuration informatique qu\u2019il utilise ne contient aucun virus et est en parfait \u00e9tat de fonctionnement.<\/p>\n\n\n\n<p>L\u2019utilisateur est tenu de respecter les dispositions de la loi relative \u00e0 l\u2019informatique, aux fichiers et aux libert\u00e9s, dont la violation est passible de sanctions p\u00e9nales. Il doit notamment s\u2019abstenir, s\u2019agissant des informations nominatives auxquelles il acc\u00e8de, de toute collecte, de toute utilisation d\u00e9tourn\u00e9e et, d\u2019une mani\u00e8re g\u00e9n\u00e9rale, de tout acte susceptible de porter atteinte \u00e0 la vie priv\u00e9e ou \u00e0 la r\u00e9putation des personnes.<\/p>\n\n\n\n<p><strong>Traitement des donn\u00e9es \u00e0 caract\u00e8re personnel<\/strong><\/p>\n\n\n\n<p><strong>\u2022 Utilisation des informations<\/strong><\/p>\n\n\n\n<p>L\u2019utilisateur est inform\u00e9, conform\u00e9ment \u00e0 l\u2019article 32 de la loi Informatique et libert\u00e9s du 6 janvier 1978 modifi\u00e9e, et en conformit\u00e9 avec le r\u00e8glement g\u00e9n\u00e9ral sur la protection des donn\u00e9es (RGPD) que :<\/p>\n\n\n\n<ul class=\"wp-block-list\"><li>les informations communiqu\u00e9es par l\u2019interm\u00e9diaire des formulaires pr\u00e9sents sur le site (nom, pr\u00e9nom, courriel) sont demand\u00e9es \u00e0 des fins de gestion administrative et de communication (e-mailings et informations cibl\u00e9es) li\u00e9e \u00e0 l\u2019objet du site ;<\/li><li>ces informations, \u00e0 l\u2019exception de celles qui ne sont pas identifi\u00e9es par un ast\u00e9risque, sont n\u00e9cessaires et obligatoires pour r\u00e9pondre aux demandes de l\u2019utilisateur ;<\/li><li>\u00e0 d\u00e9faut de renseigner les informations obligatoires, les demandes de l\u2019utilisateur ne pourront pas \u00eatre trait\u00e9es;<\/li><li>Les informations personnelles collect\u00e9es au travers du formulaire de contact du site et des correspondances associ\u00e9es (nom, pr\u00e9nom, courriel) seront conserv\u00e9es par&nbsp;le responsable du site pendant 10 ans.<\/li><\/ul>\n\n\n\n<p><strong>\u2022 Droits d\u2019acc\u00e8s aux informations<\/strong><\/p>\n\n\n\n<p>Conform\u00e9ment aux dispositions de la loi n\u00b0 78-17 du 6 janvier 1978 relative \u00e0 l\u2019informatique, aux fichiers et aux libert\u00e9s, l\u2019utilisateur est inform\u00e9 qu\u2019il dispose d\u2019un droit d\u2019acc\u00e8s, de rectification, de compl\u00e9ment, de mise \u00e0 jour et de suppression sur l\u2019ensemble des donn\u00e9es le concernant, en nous \u00e9crivant via le&nbsp;<a href=\"https:\/\/objectifmanagercoach.fr\/contact\/\">formulaire de <\/a><a href=\"https:\/\/le-temps-dune-rando.fr\/index.php\/contact\/\">contact&nbsp;<\/a>du site.<\/p>\n\n\n\n<p>Le mod\u00e8le de lettre \/ courriel \u00e0 transmettre \u00e0 cette adresse et les dispositions d\u2019envoi sont renseign\u00e9s sur le site Internet de la CNIL :&nbsp;<a href=\"http:\/\/www.cnil.fr\/\" target=\"_blank\" rel=\"noreferrer noopener\">http:\/\/www.cnil.fr<\/a>.<\/p>\n\n\n\n<p><strong>Informations contenues dans le site<\/strong><\/p>\n\n\n\n<p>Ce site met tout en \u0153uvre pour offrir aux utilisateurs des informations et\/ou outils disponibles et v\u00e9rifi\u00e9s mais ne saurait \u00eatre tenu pour responsable des erreurs, d\u2019une absence de disponibilit\u00e9 des informations et\/ou de la pr\u00e9sence de virus sur son site.<\/p>\n\n\n\n<p>Le responsable du site&nbsp;ne saurait garantir l\u2019exactitude, la compl\u00e9tude, l\u2019actualit\u00e9 des informations diffus\u00e9es sur son site. En cons\u00e9quence, l\u2019utilisateur reconna\u00eet utiliser ces informations sous sa responsabilit\u00e9 exclusive.<\/p>\n\n\n\n<p><strong>Cookies de navigation<\/strong><\/p>\n\n\n\n<p>L\u2019utilisateur est inform\u00e9 que, lors de ses visites sur le site, un cookie peut s\u2019installer automatiquement sur son logiciel de navigation. Le cookie est un bloc de donn\u00e9es qui ne permet pas d\u2019identifier l\u2019utilisateur mais sert \u00e0 enregistrer des informations relatives \u00e0 la navigation de celui-ci sur le site.<\/p>\n\n\n\n<p>Le param\u00e9trage du logiciel de navigation permet d\u2019informer de la pr\u00e9sence de cookies et \u00e9ventuellement de la refuser de la mani\u00e8re d\u00e9crite \u00e0 l\u2019adresse suivante :&nbsp;<a href=\"http:\/\/www.cnil.fr\/\" target=\"_blank\" rel=\"noreferrer noopener\">http:\/\/www.cnil.fr<\/a>.<\/p>\n\n\n\n<p>L\u2019utilisateur dispose d\u2019un droit d\u2019acc\u00e8s, de retrait et de modification des donn\u00e9es personnelles communiqu\u00e9es par le biais des cookies dans les conditions indiqu\u00e9es ci-dessus. (cf : articles 39 et 40 de la loi n\u00b0 78-17 du 6 janvier 1978 modifi\u00e9e)<\/p>\n\n\n\n<p><strong>Droits de Propri\u00e9t\u00e9 Intellectuelle<\/strong><\/p>\n\n\n\n<p>L\u2019exploitant du site web d\u00e9tient des droits d\u2019exploitation exclusifs sur la structure g\u00e9n\u00e9rale ainsi que les textes, images anim\u00e9es ou non, sons, savoir-faire et tous les autres \u00e9l\u00e9ments composant le site.<\/p>\n\n\n\n<p>Toute repr\u00e9sentation totale ou partielle de ce site par quelque soci\u00e9t\u00e9 que ce soit, sans l\u2019autorisation expresse de l\u2019exploitant du site, est interdite et constituerait une contrefa\u00e7on sanctionn\u00e9e par les articles L. 335-2 et suivants du Code de la propri\u00e9t\u00e9 intellectuelle.<br>Il en est de m\u00eame des bases de donn\u00e9es figurant, le cas \u00e9ch\u00e9ant, sur le site web, qui sont prot\u00e9g\u00e9es par les dispositions de la loi du 1er juillet 1998 portant transposition, dans le Code de la propri\u00e9t\u00e9 intellectuelle, de la directive europ\u00e9enne du 11 mars 1996 relative \u00e0 la protection juridique des bases de donn\u00e9es.<\/p>\n\n\n\n<p>Les marques de l\u2019exploitant du site et de ses partenaires, ainsi que les logos figurant sur le site, sont des marques semi-figuratives ou non et sont d\u00e9pos\u00e9es. Toute reproduction, totale ou partielle de ces marques ou de ces logos, effectu\u00e9e \u00e0 partir des \u00e9l\u00e9ments du site, sans l\u2019autorisation expresse de l\u2019exploitant du site web est donc prohib\u00e9e au sens de l\u2019article L. 713-2 du Code de la propri\u00e9t\u00e9 intellectuelle.<\/p>\n\n\n\n<p><strong>Liens hypertextes<\/strong><\/p>\n\n\n\n<p>Le pr\u00e9sent site se r\u00e9serve le droit de pointer ou non vers des sites de tiers. L\u2019exploitant du site ne saurait \u00eatre responsable de l\u2019acc\u00e8s par les utilisateurs via les liens hypertexte mis en place dans le cadre du site web en direction d\u2019autres ressources pr\u00e9sentes sur le r\u00e9seau internet.<\/p>\n\n\n\n<p>La mise en place de liens hypertextes vers des pages, des photos, outils ou des documents diffus\u00e9s sur le site Le temps d&rsquo;une rando est autoris\u00e9e si les liens garantissent la possibilit\u00e9 d\u2019identifier l\u2019origine du document \/ des textes.<\/p>\n\n\n\n<p><strong>Disponibilit\u00e9 du site<\/strong><\/p>\n\n\n\n<p>Pour des raisons de maintenance, l\u2019exploitant du site web pourra \u00eatre amen\u00e9, de mani\u00e8re occasionnelle, \u00e0 interrompre l\u2019acc\u00e8s \u00e0 son site pendant quelques heures.<\/p>\n\n\n\n<p><strong>Nous contacter<\/strong><\/p>\n\n\n\n<p>Pour toutes informations ou questions relatives au site, contactez-nous via le\u00a0<a href=\"https:\/\/le-temps-dune-rando.fr\/index.php\/contact\/\">formulaire de contacts <\/a><a href=\"https:\/\/objectifmanagercoach.fr\/contact\/\">de contact<\/a>\u00a0du site.<\/p>\n\n\n\n<div style=\"height:100px\" aria-hidden=\"true\" class=\"wp-block-spacer\"><\/div>\n","protected":false},"excerpt":{"rendered":"<p>Conform\u00e9ment aux dispositions de l\u2019article 6 III-1 de la loi n\u00b02004-575 du 21 juin 2004 pour la confiance dans l\u2019\u00e9conomie num\u00e9rique, nous vous informons des conditions g\u00e9n\u00e9rales suivantes concernant ce site : Propri\u00e9t\u00e9 et publication Le pr\u00e9sent site est la propri\u00e9t\u00e9 et sous la responsabilit\u00e9 d\u2019Anne Luminet, domicili\u00e9e \u00e0 Lyon 7\u00e8me, qui en assure la [&hellip;]<\/p>\n","protected":false},"author":1,"featured_media":0,"parent":0,"menu_order":0,"comment_status":"closed","ping_status":"closed","template":"","meta":{"_mo_disable_npp":"","advgb_blocks_editor_width":"","advgb_blocks_columns_visual_guide":"","site-sidebar-layout":"default","site-content-layout":"default","ast-site-content-layout":"default","site-content-style":"default","site-sidebar-style":"default","ast-global-header-display":"","ast-banner-title-visibility":"","ast-main-header-display":"","ast-hfb-above-header-display":"","ast-hfb-below-header-display":"","ast-hfb-mobile-header-display":"","site-post-title":"","ast-breadcrumbs-content":"","ast-featured-img":"","footer-sml-layout":"","ast-disable-related-posts":"","theme-transparent-header-meta":"default","adv-header-id-meta":"","stick-header-meta":"","header-above-stick-meta":"","header-main-stick-meta":"","header-below-stick-meta":"","astra-migrate-meta-layouts":"default","ast-page-background-enabled":"default","ast-page-background-meta":{"desktop":{"background-color":"","background-image":"","background-repeat":"repeat","background-position":"center center","background-size":"auto","background-attachment":"scroll","background-type":"","background-media":"","overlay-type":"","overlay-color":"","overlay-opacity":"","overlay-gradient":""},"tablet":{"background-color":"","background-image":"","background-repeat":"repeat","background-position":"center center","background-size":"auto","background-attachment":"scroll","background-type":"","background-media":"","overlay-type":"","overlay-color":"","overlay-opacity":"","overlay-gradient":""},"mobile":{"background-color":"","background-image":"","background-repeat":"repeat","background-position":"center center","background-size":"auto","background-attachment":"scroll","background-type":"","background-media":"","overlay-type":"","overlay-color":"","overlay-opacity":"","overlay-gradient":""}},"ast-content-background-meta":{"desktop":{"background-color":"var(--ast-global-color-5)","background-image":"","background-repeat":"repeat","background-position":"center center","background-size":"auto","background-attachment":"scroll","background-type":"","background-media":"","overlay-type":"","overlay-color":"","overlay-opacity":"","overlay-gradient":""},"tablet":{"background-color":"var(--ast-global-color-5)","background-image":"","background-repeat":"repeat","background-position":"center center","background-size":"auto","background-attachment":"scroll","background-type":"","background-media":"","overlay-type":"","overlay-color":"","overlay-opacity":"","overlay-gradient":""},"mobile":{"background-color":"var(--ast-global-color-5)","background-image":"","background-repeat":"repeat","background-position":"center center","background-size":"auto","background-attachment":"scroll","background-type":"","background-media":"","overlay-type":"","overlay-color":"","overlay-opacity":"","overlay-gradient":""}},"footnotes":""},"class_list":["post-1910","page","type-page","status-publish","hentry"],"yoast_head":"<!-- This site is optimized with the Yoast SEO plugin v26.7 - https:\/\/yoast.com\/wordpress\/plugins\/seo\/ -->\n<title>Mentions l\u00e9gales - Le temps d&#039;une rando<\/title>\n<meta name=\"description\" content=\"Le site a \u00e9t\u00e9 con\u00e7u avec l\u2019outil de gestion de contenu WordPress et du th\u00e8me Soledad. L\u2019h\u00e9bergement est confi\u00e9 \u00e0 OVH. Le logo a \u00e9t\u00e9 cr\u00e9\u00e9 \u00e0 l\u2019aide de Canva.\" \/>\n<meta name=\"robots\" content=\"noindex, follow\" \/>\n<meta property=\"og:locale\" content=\"fr_FR\" \/>\n<meta property=\"og:type\" content=\"article\" \/>\n<meta property=\"og:title\" content=\"Mentions l\u00e9gales - Le temps d&#039;une rando\" \/>\n<meta property=\"og:description\" content=\"Le site a \u00e9t\u00e9 con\u00e7u avec l\u2019outil de gestion de contenu WordPress et du th\u00e8me Soledad. L\u2019h\u00e9bergement est confi\u00e9 \u00e0 OVH. Le logo a \u00e9t\u00e9 cr\u00e9\u00e9 \u00e0 l\u2019aide de Canva.\" \/>\n<meta property=\"og:url\" content=\"https:\/\/le-temps-dune-rando.fr\/index.php\/mentions-legales\/\" \/>\n<meta property=\"og:site_name\" content=\"Le temps d&#039;une rando\" \/>\n<meta property=\"article:modified_time\" content=\"2021-03-28T14:34:44+00:00\" \/>\n<meta name=\"twitter:card\" content=\"summary_large_image\" \/>\n<meta name=\"twitter:label1\" content=\"Dur\u00e9e de lecture estim\u00e9e\" \/>\n\t<meta name=\"twitter:data1\" content=\"5 minutes\" \/>\n<script type=\"application\/ld+json\" class=\"yoast-schema-graph\">{\"@context\":\"https:\/\/schema.org\",\"@graph\":[{\"@type\":\"WebPage\",\"@id\":\"https:\/\/le-temps-dune-rando.fr\/index.php\/mentions-legales\/\",\"url\":\"https:\/\/le-temps-dune-rando.fr\/index.php\/mentions-legales\/\",\"name\":\"Mentions l\u00e9gales - Le temps d&#039;une rando\",\"isPartOf\":{\"@id\":\"https:\/\/le-temps-dune-rando.fr\/#website\"},\"datePublished\":\"2020-06-07T16:50:03+00:00\",\"dateModified\":\"2021-03-28T14:34:44+00:00\",\"description\":\"Le site a \u00e9t\u00e9 con\u00e7u avec l\u2019outil de gestion de contenu WordPress et du th\u00e8me Soledad. L\u2019h\u00e9bergement est confi\u00e9 \u00e0 OVH. Le logo a \u00e9t\u00e9 cr\u00e9\u00e9 \u00e0 l\u2019aide de Canva.\",\"breadcrumb\":{\"@id\":\"https:\/\/le-temps-dune-rando.fr\/index.php\/mentions-legales\/#breadcrumb\"},\"inLanguage\":\"fr-FR\",\"potentialAction\":[{\"@type\":\"ReadAction\",\"target\":[\"https:\/\/le-temps-dune-rando.fr\/index.php\/mentions-legales\/\"]}]},{\"@type\":\"BreadcrumbList\",\"@id\":\"https:\/\/le-temps-dune-rando.fr\/index.php\/mentions-legales\/#breadcrumb\",\"itemListElement\":[{\"@type\":\"ListItem\",\"position\":1,\"name\":\"Accueil\",\"item\":\"https:\/\/le-temps-dune-rando.fr\/\"},{\"@type\":\"ListItem\",\"position\":2,\"name\":\"Mentions l\u00e9gales\"}]},{\"@type\":\"WebSite\",\"@id\":\"https:\/\/le-temps-dune-rando.fr\/#website\",\"url\":\"https:\/\/le-temps-dune-rando.fr\/\",\"name\":\"Le temps d&#039;une rando\",\"description\":\"Des randonn\u00e9es nature dans le Vercors, pour une journ\u00e9e ou un week-end\",\"publisher\":{\"@id\":\"https:\/\/le-temps-dune-rando.fr\/#organization\"},\"potentialAction\":[{\"@type\":\"SearchAction\",\"target\":{\"@type\":\"EntryPoint\",\"urlTemplate\":\"https:\/\/le-temps-dune-rando.fr\/?s={search_term_string}\"},\"query-input\":{\"@type\":\"PropertyValueSpecification\",\"valueRequired\":true,\"valueName\":\"search_term_string\"}}],\"inLanguage\":\"fr-FR\"},{\"@type\":\"Organization\",\"@id\":\"https:\/\/le-temps-dune-rando.fr\/#organization\",\"name\":\"Le temps d&#039;une rando\",\"url\":\"https:\/\/le-temps-dune-rando.fr\/\",\"logo\":{\"@type\":\"ImageObject\",\"inLanguage\":\"fr-FR\",\"@id\":\"https:\/\/le-temps-dune-rando.fr\/#\/schema\/logo\/image\/\",\"url\":\"https:\/\/le-temps-dune-rando.fr\/wp-content\/uploads\/2020\/06\/cropped-Temps_dune_rando.png\",\"contentUrl\":\"https:\/\/le-temps-dune-rando.fr\/wp-content\/uploads\/2020\/06\/cropped-Temps_dune_rando.png\",\"width\":496,\"height\":117,\"caption\":\"Le temps d&#039;une rando\"},\"image\":{\"@id\":\"https:\/\/le-temps-dune-rando.fr\/#\/schema\/logo\/image\/\"}}]}<\/script>\n<!-- \/ Yoast SEO plugin. -->","yoast_head_json":{"title":"Mentions l\u00e9gales - Le temps d&#039;une rando","description":"Le site a \u00e9t\u00e9 con\u00e7u avec l\u2019outil de gestion de contenu WordPress et du th\u00e8me Soledad. L\u2019h\u00e9bergement est confi\u00e9 \u00e0 OVH. Le logo a \u00e9t\u00e9 cr\u00e9\u00e9 \u00e0 l\u2019aide de Canva.","robots":{"index":"noindex","follow":"follow"},"og_locale":"fr_FR","og_type":"article","og_title":"Mentions l\u00e9gales - Le temps d&#039;une rando","og_description":"Le site a \u00e9t\u00e9 con\u00e7u avec l\u2019outil de gestion de contenu WordPress et du th\u00e8me Soledad. L\u2019h\u00e9bergement est confi\u00e9 \u00e0 OVH. Le logo a \u00e9t\u00e9 cr\u00e9\u00e9 \u00e0 l\u2019aide de Canva.","og_url":"https:\/\/le-temps-dune-rando.fr\/index.php\/mentions-legales\/","og_site_name":"Le temps d&#039;une rando","article_modified_time":"2021-03-28T14:34:44+00:00","twitter_card":"summary_large_image","twitter_misc":{"Dur\u00e9e de lecture estim\u00e9e":"5 minutes"},"schema":{"@context":"https:\/\/schema.org","@graph":[{"@type":"WebPage","@id":"https:\/\/le-temps-dune-rando.fr\/index.php\/mentions-legales\/","url":"https:\/\/le-temps-dune-rando.fr\/index.php\/mentions-legales\/","name":"Mentions l\u00e9gales - Le temps d&#039;une rando","isPartOf":{"@id":"https:\/\/le-temps-dune-rando.fr\/#website"},"datePublished":"2020-06-07T16:50:03+00:00","dateModified":"2021-03-28T14:34:44+00:00","description":"Le site a \u00e9t\u00e9 con\u00e7u avec l\u2019outil de gestion de contenu WordPress et du th\u00e8me Soledad. L\u2019h\u00e9bergement est confi\u00e9 \u00e0 OVH. Le logo a \u00e9t\u00e9 cr\u00e9\u00e9 \u00e0 l\u2019aide de Canva.","breadcrumb":{"@id":"https:\/\/le-temps-dune-rando.fr\/index.php\/mentions-legales\/#breadcrumb"},"inLanguage":"fr-FR","potentialAction":[{"@type":"ReadAction","target":["https:\/\/le-temps-dune-rando.fr\/index.php\/mentions-legales\/"]}]},{"@type":"BreadcrumbList","@id":"https:\/\/le-temps-dune-rando.fr\/index.php\/mentions-legales\/#breadcrumb","itemListElement":[{"@type":"ListItem","position":1,"name":"Accueil","item":"https:\/\/le-temps-dune-rando.fr\/"},{"@type":"ListItem","position":2,"name":"Mentions l\u00e9gales"}]},{"@type":"WebSite","@id":"https:\/\/le-temps-dune-rando.fr\/#website","url":"https:\/\/le-temps-dune-rando.fr\/","name":"Le temps d&#039;une rando","description":"Des randonn\u00e9es nature dans le Vercors, pour une journ\u00e9e ou un week-end","publisher":{"@id":"https:\/\/le-temps-dune-rando.fr\/#organization"},"potentialAction":[{"@type":"SearchAction","target":{"@type":"EntryPoint","urlTemplate":"https:\/\/le-temps-dune-rando.fr\/?s={search_term_string}"},"query-input":{"@type":"PropertyValueSpecification","valueRequired":true,"valueName":"search_term_string"}}],"inLanguage":"fr-FR"},{"@type":"Organization","@id":"https:\/\/le-temps-dune-rando.fr\/#organization","name":"Le temps d&#039;une rando","url":"https:\/\/le-temps-dune-rando.fr\/","logo":{"@type":"ImageObject","inLanguage":"fr-FR","@id":"https:\/\/le-temps-dune-rando.fr\/#\/schema\/logo\/image\/","url":"https:\/\/le-temps-dune-rando.fr\/wp-content\/uploads\/2020\/06\/cropped-Temps_dune_rando.png","contentUrl":"https:\/\/le-temps-dune-rando.fr\/wp-content\/uploads\/2020\/06\/cropped-Temps_dune_rando.png","width":496,"height":117,"caption":"Le temps d&#039;une rando"},"image":{"@id":"https:\/\/le-temps-dune-rando.fr\/#\/schema\/logo\/image\/"}}]}},"coauthors":[],"author_meta":{"author_link":"https:\/\/le-temps-dune-rando.fr\/index.php\/author\/letempsanlu69007\/","display_name":"Anne &amp; Romain"},"relative_dates":{"created":"Publi\u00e9 6 ans il y a","modified":"Mis \u00e0 jour 5 ans il y a"},"absolute_dates":{"created":"Publi\u00e9 le 7 juin 2020","modified":"Mise \u00e0 jour le 28 mars 2021"},"absolute_dates_time":{"created":"Publi\u00e9 le 7 juin 2020 18 h 50 min","modified":"Mise \u00e0 jour le 28 mars 2021 16 h 34 min"},"featured_img_caption":"","featured_img":false,"series_order":"","_links":{"self":[{"href":"https:\/\/le-temps-dune-rando.fr\/index.php\/wp-json\/wp\/v2\/pages\/1910","targetHints":{"allow":["GET"]}}],"collection":[{"href":"https:\/\/le-temps-dune-rando.fr\/index.php\/wp-json\/wp\/v2\/pages"}],"about":[{"href":"https:\/\/le-temps-dune-rando.fr\/index.php\/wp-json\/wp\/v2\/types\/page"}],"author":[{"embeddable":true,"href":"https:\/\/le-temps-dune-rando.fr\/index.php\/wp-json\/wp\/v2\/users\/1"}],"replies":[{"embeddable":true,"href":"https:\/\/le-temps-dune-rando.fr\/index.php\/wp-json\/wp\/v2\/comments?post=1910"}],"version-history":[{"count":2,"href":"https:\/\/le-temps-dune-rando.fr\/index.php\/wp-json\/wp\/v2\/pages\/1910\/revisions"}],"predecessor-version":[{"id":2621,"href":"https:\/\/le-temps-dune-rando.fr\/index.php\/wp-json\/wp\/v2\/pages\/1910\/revisions\/2621"}],"wp:attachment":[{"href":"https:\/\/le-temps-dune-rando.fr\/index.php\/wp-json\/wp\/v2\/media?parent=1910"}],"curies":[{"name":"wp","href":"https:\/\/api.w.org\/{rel}","templated":true}]}}