{"id":1911,"date":"2020-06-07T18:45:18","date_gmt":"2020-06-07T16:45:18","guid":{"rendered":"https:\/\/le-temps-dune-rando.fr\/?page_id=1911"},"modified":"2021-03-28T17:16:22","modified_gmt":"2021-03-28T15:16:22","slug":"contact","status":"publish","type":"page","link":"https:\/\/le-temps-dune-rando.fr\/index.php\/contact\/","title":{"rendered":"Contact"},"content":{"rendered":"\n<p>Contactez-nous via le formulaire ci-dessous si vous avez des questions, des suggestions, des r\u00e9actions, ou si vous souhaitez \u00eatre tenu au courant de nos publications et nouveaut\u00e9s.<\/p>\n\n\n\n<div class=\"wpcf7 no-js\" id=\"wpcf7-f6-o1\" lang=\"fr-FR\" dir=\"ltr\" data-wpcf7-id=\"6\">\n<div class=\"screen-reader-response\"><p role=\"status\" aria-live=\"polite\" aria-atomic=\"true\"><\/p> <ul><\/ul><\/div>\n<form action=\"\/index.php\/wp-json\/wp\/v2\/pages\/1911#wpcf7-f6-o1\" method=\"post\" class=\"wpcf7-form init\" aria-label=\"Formulaire de contact\" novalidate=\"novalidate\" data-status=\"init\">\n<fieldset class=\"hidden-fields-container\"><input type=\"hidden\" name=\"_wpcf7\" value=\"6\" \/><input type=\"hidden\" name=\"_wpcf7_version\" value=\"6.1.4\" \/><input type=\"hidden\" name=\"_wpcf7_locale\" value=\"fr_FR\" \/><input type=\"hidden\" name=\"_wpcf7_unit_tag\" value=\"wpcf7-f6-o1\" \/><input type=\"hidden\" name=\"_wpcf7_container_post\" value=\"0\" \/><input type=\"hidden\" name=\"_wpcf7_posted_data_hash\" value=\"\" \/>\n<\/fieldset>\n<p><label> Votre nom (obligatoire)<br \/>\n<span class=\"wpcf7-form-control-wrap\" data-name=\"your-name\"><input size=\"40\" maxlength=\"400\" class=\"wpcf7-form-control wpcf7-text wpcf7-validates-as-required\" aria-required=\"true\" aria-invalid=\"false\" value=\"\" type=\"text\" name=\"your-name\" \/><\/span> <\/label>\n<\/p>\n<p><label> Votre adresse email (obligatoire)<br \/>\n<span class=\"wpcf7-form-control-wrap\" data-name=\"your-email\"><input size=\"40\" maxlength=\"400\" class=\"wpcf7-form-control wpcf7-email wpcf7-validates-as-required wpcf7-text wpcf7-validates-as-email\" aria-required=\"true\" aria-invalid=\"false\" value=\"\" type=\"email\" name=\"your-email\" \/><\/span> <\/label>\n<\/p>\n<p><label> Sujet<br \/>\n<span class=\"wpcf7-form-control-wrap\" data-name=\"your-subject\"><input size=\"40\" maxlength=\"400\" class=\"wpcf7-form-control wpcf7-text\" aria-invalid=\"false\" value=\"\" type=\"text\" name=\"your-subject\" \/><\/span> <\/label>\n<\/p>\n<p><label> Votre message<br \/>\n<span class=\"wpcf7-form-control-wrap\" data-name=\"your-message\"><textarea cols=\"40\" rows=\"10\" maxlength=\"2000\" class=\"wpcf7-form-control wpcf7-textarea\" aria-invalid=\"false\" name=\"your-message\"><\/textarea><\/span> <\/label>\n<\/p>\n<p><input class=\"wpcf7-form-control wpcf7-submit has-spinner\" type=\"submit\" value=\"Envoyer\" \/>\n<\/p><p style=\"display: none !important;\" class=\"akismet-fields-container\" data-prefix=\"_wpcf7_ak_\"><label>&#916;<textarea name=\"_wpcf7_ak_hp_textarea\" cols=\"45\" rows=\"8\" maxlength=\"100\"><\/textarea><\/label><input type=\"hidden\" id=\"ak_js_1\" name=\"_wpcf7_ak_js\" value=\"25\"\/><script>document.getElementById( \"ak_js_1\" ).setAttribute( \"value\", ( new Date() ).getTime() );<\/script><\/p><div class=\"wpcf7-response-output\" aria-hidden=\"true\"><\/div>\n<\/form>\n<\/div>\n\n\n\n\n<p>Nous nous engageons \u00e0 vous r\u00e9pondre le plus rapidement possible !<\/p>\n\n\n\n<div style=\"height:50px\" aria-hidden=\"true\" class=\"wp-block-spacer\"><\/div>\n\n\n\n<hr class=\"wp-block-separator is-style-dots\"\/>\n\n\n\n<div style=\"height:50px\" aria-hidden=\"true\" class=\"wp-block-spacer\"><\/div>\n\n\n\n<p><strong>Consultez \u00e9galement <a href=\"https:\/\/le-temps-dune-rando.fr\/index.php\/a-propos\/\">la page A PROPOS<\/a> pour d\u00e9couvrir qui nous sommes, \u00e0 qui ce blog s&rsquo;adresse et ce que l&rsquo;on y trouve.<\/strong><\/p>\n\n\n\n<div style=\"height:100px\" aria-hidden=\"true\" class=\"wp-block-spacer\"><\/div>\n","protected":false},"excerpt":{"rendered":"<p>Contactez-nous via le formulaire ci-dessous si vous avez des questions, des suggestions, des r\u00e9actions, ou si vous souhaitez \u00eatre tenu au courant de nos publications et nouveaut\u00e9s. Nous nous engageons \u00e0 vous r\u00e9pondre le plus rapidement possible ! Consultez \u00e9galement la page A PROPOS pour d\u00e9couvrir qui nous sommes, \u00e0 qui ce blog s&rsquo;adresse et [&hellip;]<\/p>\n","protected":false},"author":1,"featured_media":0,"parent":0,"menu_order":0,"comment_status":"closed","ping_status":"closed","template":"","meta":{"_mo_disable_npp":"","advgb_blocks_editor_width":"","advgb_blocks_columns_visual_guide":"","site-sidebar-layout":"default","site-content-layout":"default","ast-site-content-layout":"default","site-content-style":"default","site-sidebar-style":"default","ast-global-header-display":"","ast-banner-title-visibility":"","ast-main-header-display":"","ast-hfb-above-header-display":"","ast-hfb-below-header-display":"","ast-hfb-mobile-header-display":"","site-post-title":"","ast-breadcrumbs-content":"","ast-featured-img":"","footer-sml-layout":"","ast-disable-related-posts":"","theme-transparent-header-meta":"default","adv-header-id-meta":"","stick-header-meta":"","header-above-stick-meta":"","header-main-stick-meta":"","header-below-stick-meta":"","astra-migrate-meta-layouts":"default","ast-page-background-enabled":"default","ast-page-background-meta":{"desktop":{"background-color":"","background-image":"","background-repeat":"repeat","background-position":"center center","background-size":"auto","background-attachment":"scroll","background-type":"","background-media":"","overlay-type":"","overlay-color":"","overlay-opacity":"","overlay-gradient":""},"tablet":{"background-color":"","background-image":"","background-repeat":"repeat","background-position":"center center","background-size":"auto","background-attachment":"scroll","background-type":"","background-media":"","overlay-type":"","overlay-color":"","overlay-opacity":"","overlay-gradient":""},"mobile":{"background-color":"","background-image":"","background-repeat":"repeat","background-position":"center center","background-size":"auto","background-attachment":"scroll","background-type":"","background-media":"","overlay-type":"","overlay-color":"","overlay-opacity":"","overlay-gradient":""}},"ast-content-background-meta":{"desktop":{"background-color":"var(--ast-global-color-5)","background-image":"","background-repeat":"repeat","background-position":"center center","background-size":"auto","background-attachment":"scroll","background-type":"","background-media":"","overlay-type":"","overlay-color":"","overlay-opacity":"","overlay-gradient":""},"tablet":{"background-color":"var(--ast-global-color-5)","background-image":"","background-repeat":"repeat","background-position":"center center","background-size":"auto","background-attachment":"scroll","background-type":"","background-media":"","overlay-type":"","overlay-color":"","overlay-opacity":"","overlay-gradient":""},"mobile":{"background-color":"var(--ast-global-color-5)","background-image":"","background-repeat":"repeat","background-position":"center center","background-size":"auto","background-attachment":"scroll","background-type":"","background-media":"","overlay-type":"","overlay-color":"","overlay-opacity":"","overlay-gradient":""}},"footnotes":""},"class_list":["post-1911","page","type-page","status-publish","hentry"],"yoast_head":"<!-- This site is optimized with the Yoast SEO plugin v26.7 - https:\/\/yoast.com\/wordpress\/plugins\/seo\/ -->\n<title>Contact - Le temps d&#039;une rando - Formulaire et newsletter<\/title>\n<meta name=\"description\" content=\"Contactez-nous si vous avez des questions, des suggestions, des r\u00e9actions, ou si vous souhaitez \u00eatre tenu au courant de nos publications et nouveaut\u00e9s.\" \/>\n<meta name=\"robots\" content=\"index, follow, max-snippet:-1, max-image-preview:large, max-video-preview:-1\" \/>\n<link rel=\"canonical\" href=\"https:\/\/le-temps-dune-rando.fr\/index.php\/contact\/\" \/>\n<meta property=\"og:locale\" content=\"fr_FR\" \/>\n<meta property=\"og:type\" content=\"article\" \/>\n<meta property=\"og:title\" content=\"Contact - Le temps d&#039;une rando - Formulaire et newsletter\" \/>\n<meta property=\"og:description\" content=\"Contactez-nous si vous avez des questions, des suggestions, des r\u00e9actions, ou si vous souhaitez \u00eatre tenu au courant de nos publications et nouveaut\u00e9s.\" \/>\n<meta property=\"og:url\" content=\"https:\/\/le-temps-dune-rando.fr\/index.php\/contact\/\" \/>\n<meta property=\"og:site_name\" content=\"Le temps d&#039;une rando\" \/>\n<meta property=\"article:modified_time\" content=\"2021-03-28T15:16:22+00:00\" \/>\n<meta name=\"twitter:card\" content=\"summary_large_image\" \/>\n<meta name=\"twitter:label1\" content=\"Dur\u00e9e de lecture estim\u00e9e\" \/>\n\t<meta name=\"twitter:data1\" content=\"1 minute\" \/>\n<script type=\"application\/ld+json\" class=\"yoast-schema-graph\">{\"@context\":\"https:\/\/schema.org\",\"@graph\":[{\"@type\":\"WebPage\",\"@id\":\"https:\/\/le-temps-dune-rando.fr\/index.php\/contact\/\",\"url\":\"https:\/\/le-temps-dune-rando.fr\/index.php\/contact\/\",\"name\":\"Contact - Le temps d&#039;une rando - Formulaire et newsletter\",\"isPartOf\":{\"@id\":\"https:\/\/le-temps-dune-rando.fr\/#website\"},\"datePublished\":\"2020-06-07T16:45:18+00:00\",\"dateModified\":\"2021-03-28T15:16:22+00:00\",\"description\":\"Contactez-nous si vous avez des questions, des suggestions, des r\u00e9actions, ou si vous souhaitez \u00eatre tenu au courant de nos publications et nouveaut\u00e9s.\",\"breadcrumb\":{\"@id\":\"https:\/\/le-temps-dune-rando.fr\/index.php\/contact\/#breadcrumb\"},\"inLanguage\":\"fr-FR\",\"potentialAction\":[{\"@type\":\"ReadAction\",\"target\":[\"https:\/\/le-temps-dune-rando.fr\/index.php\/contact\/\"]}]},{\"@type\":\"BreadcrumbList\",\"@id\":\"https:\/\/le-temps-dune-rando.fr\/index.php\/contact\/#breadcrumb\",\"itemListElement\":[{\"@type\":\"ListItem\",\"position\":1,\"name\":\"Accueil\",\"item\":\"https:\/\/le-temps-dune-rando.fr\/\"},{\"@type\":\"ListItem\",\"position\":2,\"name\":\"Contact\"}]},{\"@type\":\"WebSite\",\"@id\":\"https:\/\/le-temps-dune-rando.fr\/#website\",\"url\":\"https:\/\/le-temps-dune-rando.fr\/\",\"name\":\"Le temps d&#039;une rando\",\"description\":\"Des randonn\u00e9es nature dans le Vercors, pour une journ\u00e9e ou un week-end\",\"publisher\":{\"@id\":\"https:\/\/le-temps-dune-rando.fr\/#organization\"},\"potentialAction\":[{\"@type\":\"SearchAction\",\"target\":{\"@type\":\"EntryPoint\",\"urlTemplate\":\"https:\/\/le-temps-dune-rando.fr\/?s={search_term_string}\"},\"query-input\":{\"@type\":\"PropertyValueSpecification\",\"valueRequired\":true,\"valueName\":\"search_term_string\"}}],\"inLanguage\":\"fr-FR\"},{\"@type\":\"Organization\",\"@id\":\"https:\/\/le-temps-dune-rando.fr\/#organization\",\"name\":\"Le temps d&#039;une rando\",\"url\":\"https:\/\/le-temps-dune-rando.fr\/\",\"logo\":{\"@type\":\"ImageObject\",\"inLanguage\":\"fr-FR\",\"@id\":\"https:\/\/le-temps-dune-rando.fr\/#\/schema\/logo\/image\/\",\"url\":\"https:\/\/le-temps-dune-rando.fr\/wp-content\/uploads\/2020\/06\/cropped-Temps_dune_rando.png\",\"contentUrl\":\"https:\/\/le-temps-dune-rando.fr\/wp-content\/uploads\/2020\/06\/cropped-Temps_dune_rando.png\",\"width\":496,\"height\":117,\"caption\":\"Le temps d&#039;une rando\"},\"image\":{\"@id\":\"https:\/\/le-temps-dune-rando.fr\/#\/schema\/logo\/image\/\"}}]}<\/script>\n<!-- \/ Yoast SEO plugin. -->","yoast_head_json":{"title":"Contact - Le temps d&#039;une rando - Formulaire et newsletter","description":"Contactez-nous si vous avez des questions, des suggestions, des r\u00e9actions, ou si vous souhaitez \u00eatre tenu au courant de nos publications et nouveaut\u00e9s.","robots":{"index":"index","follow":"follow","max-snippet":"max-snippet:-1","max-image-preview":"max-image-preview:large","max-video-preview":"max-video-preview:-1"},"canonical":"https:\/\/le-temps-dune-rando.fr\/index.php\/contact\/","og_locale":"fr_FR","og_type":"article","og_title":"Contact - Le temps d&#039;une rando - Formulaire et newsletter","og_description":"Contactez-nous si vous avez des questions, des suggestions, des r\u00e9actions, ou si vous souhaitez \u00eatre tenu au courant de nos publications et nouveaut\u00e9s.","og_url":"https:\/\/le-temps-dune-rando.fr\/index.php\/contact\/","og_site_name":"Le temps d&#039;une rando","article_modified_time":"2021-03-28T15:16:22+00:00","twitter_card":"summary_large_image","twitter_misc":{"Dur\u00e9e de lecture estim\u00e9e":"1 minute"},"schema":{"@context":"https:\/\/schema.org","@graph":[{"@type":"WebPage","@id":"https:\/\/le-temps-dune-rando.fr\/index.php\/contact\/","url":"https:\/\/le-temps-dune-rando.fr\/index.php\/contact\/","name":"Contact - Le temps d&#039;une rando - Formulaire et newsletter","isPartOf":{"@id":"https:\/\/le-temps-dune-rando.fr\/#website"},"datePublished":"2020-06-07T16:45:18+00:00","dateModified":"2021-03-28T15:16:22+00:00","description":"Contactez-nous si vous avez des questions, des suggestions, des r\u00e9actions, ou si vous souhaitez \u00eatre tenu au courant de nos publications et nouveaut\u00e9s.","breadcrumb":{"@id":"https:\/\/le-temps-dune-rando.fr\/index.php\/contact\/#breadcrumb"},"inLanguage":"fr-FR","potentialAction":[{"@type":"ReadAction","target":["https:\/\/le-temps-dune-rando.fr\/index.php\/contact\/"]}]},{"@type":"BreadcrumbList","@id":"https:\/\/le-temps-dune-rando.fr\/index.php\/contact\/#breadcrumb","itemListElement":[{"@type":"ListItem","position":1,"name":"Accueil","item":"https:\/\/le-temps-dune-rando.fr\/"},{"@type":"ListItem","position":2,"name":"Contact"}]},{"@type":"WebSite","@id":"https:\/\/le-temps-dune-rando.fr\/#website","url":"https:\/\/le-temps-dune-rando.fr\/","name":"Le temps d&#039;une rando","description":"Des randonn\u00e9es nature dans le Vercors, pour une journ\u00e9e ou un week-end","publisher":{"@id":"https:\/\/le-temps-dune-rando.fr\/#organization"},"potentialAction":[{"@type":"SearchAction","target":{"@type":"EntryPoint","urlTemplate":"https:\/\/le-temps-dune-rando.fr\/?s={search_term_string}"},"query-input":{"@type":"PropertyValueSpecification","valueRequired":true,"valueName":"search_term_string"}}],"inLanguage":"fr-FR"},{"@type":"Organization","@id":"https:\/\/le-temps-dune-rando.fr\/#organization","name":"Le temps d&#039;une rando","url":"https:\/\/le-temps-dune-rando.fr\/","logo":{"@type":"ImageObject","inLanguage":"fr-FR","@id":"https:\/\/le-temps-dune-rando.fr\/#\/schema\/logo\/image\/","url":"https:\/\/le-temps-dune-rando.fr\/wp-content\/uploads\/2020\/06\/cropped-Temps_dune_rando.png","contentUrl":"https:\/\/le-temps-dune-rando.fr\/wp-content\/uploads\/2020\/06\/cropped-Temps_dune_rando.png","width":496,"height":117,"caption":"Le temps d&#039;une rando"},"image":{"@id":"https:\/\/le-temps-dune-rando.fr\/#\/schema\/logo\/image\/"}}]}},"coauthors":[],"author_meta":{"author_link":"https:\/\/le-temps-dune-rando.fr\/index.php\/author\/letempsanlu69007\/","display_name":"Anne &amp; Romain"},"relative_dates":{"created":"Publi\u00e9 6 ans il y a","modified":"Mis \u00e0 jour 5 ans il y a"},"absolute_dates":{"created":"Publi\u00e9 le 7 juin 2020","modified":"Mise \u00e0 jour le 28 mars 2021"},"absolute_dates_time":{"created":"Publi\u00e9 le 7 juin 2020 18 h 45 min","modified":"Mise \u00e0 jour le 28 mars 2021 17 h 16 min"},"featured_img_caption":"","featured_img":false,"series_order":"","_links":{"self":[{"href":"https:\/\/le-temps-dune-rando.fr\/index.php\/wp-json\/wp\/v2\/pages\/1911","targetHints":{"allow":["GET"]}}],"collection":[{"href":"https:\/\/le-temps-dune-rando.fr\/index.php\/wp-json\/wp\/v2\/pages"}],"about":[{"href":"https:\/\/le-temps-dune-rando.fr\/index.php\/wp-json\/wp\/v2\/types\/page"}],"author":[{"embeddable":true,"href":"https:\/\/le-temps-dune-rando.fr\/index.php\/wp-json\/wp\/v2\/users\/1"}],"replies":[{"embeddable":true,"href":"https:\/\/le-temps-dune-rando.fr\/index.php\/wp-json\/wp\/v2\/comments?post=1911"}],"version-history":[{"count":20,"href":"https:\/\/le-temps-dune-rando.fr\/index.php\/wp-json\/wp\/v2\/pages\/1911\/revisions"}],"predecessor-version":[{"id":2677,"href":"https:\/\/le-temps-dune-rando.fr\/index.php\/wp-json\/wp\/v2\/pages\/1911\/revisions\/2677"}],"wp:attachment":[{"href":"https:\/\/le-temps-dune-rando.fr\/index.php\/wp-json\/wp\/v2\/media?parent=1911"}],"curies":[{"name":"wp","href":"https:\/\/api.w.org\/{rel}","templated":true}]}}